{"id":110,"date":"2021-04-28T21:43:39","date_gmt":"2021-04-29T00:43:39","guid":{"rendered":"http:\/\/engsmart.com.br\/portal\/?page_id=110"},"modified":"2025-07-05T22:55:29","modified_gmt":"2025-07-06T01:55:29","slug":"sobre-nos","status":"publish","type":"page","link":"https:\/\/engsmart.com.br\/portal\/sobre-nos\/","title":{"rendered":"Sobre n\u00f3s"},"content":{"rendered":"[spb_row element_name=&#8221;Row&#8221; wrap_type=&#8221;standard-width&#8221; row_bg_type=&#8221;image&#8221; color_row_height=&#8221;content-height&#8221; bg_image=&#8221;24&#8243; bg_type=&#8221;cover&#8221; parallax_image_height=&#8221;content-height&#8221; parallax_image_movement=&#8221;fixed&#8221; parallax_image_speed=&#8221;standard&#8221; bg_video_loop=&#8221;yes&#8221; parallax_video_height=&#8221;window-height&#8221; row_top_style=&#8221;none&#8221; row_bottom_style=&#8221;none&#8221; parallax_video_overlay=&#8221;none&#8221; row_overlay_opacity=&#8221;0&#8243; remove_element_spacing=&#8221;no&#8221; row_col_spacing=&#8221;0&#8243; row_col_pos=&#8221;default&#8221; row_col_equal_heights=&#8221;no&#8221; row_expanding=&#8221;no&#8221; row_animation=&#8221;none&#8221; row_animation_delay=&#8221;0&#8243; minimize_row=&#8221;no&#8221; simplified_controls=&#8221;yes&#8221; custom_css_percentage=&#8221;no&#8221; custom_css=&#8221;margin-top: 0px;margin-bottom: 0px;&#8221; border_styling_global=&#8221;default&#8221; width=&#8221;1\/1&#8243; el_position=&#8221;first last&#8221;] [spb_text_block animation=&#8221;none&#8221; animation_delay=&#8221;0&#8243; simplified_controls=&#8221;yes&#8221; custom_css_percentage=&#8221;no&#8221; padding_vertical=&#8221;0&#8243; padding_horizontal=&#8221;13&#8243; margin_vertical=&#8221;0&#8243; custom_css=&#8221;margin-top: 0px;margin-bottom: 0px;padding-left: 13px;padding-right: 13px;&#8221; border_size=&#8221;0&#8243; border_styling_global=&#8221;default&#8221; width=&#8221;1\/1&#8243; el_position=&#8221;first last&#8221;]\n<h2 style=\"text-align: justify;\"><span style=\"color: #ffffff;\">A EngSmart Engenheiros e Consultores Associados tem como objetivo prestar servi\u00e7os de engenharia para projetos p\u00fablicos e privados de terraplenagem, rodovi\u00e1rios, ferrovi\u00e1rios, metrovi\u00e1rios, aeroportu\u00e1rios, canaliza\u00e7\u00f5es, t\u00faneis, viadutos, pontes, redes coletoras, esta\u00e7\u00f5es de tratamento de \u00e1guas e esgotos, hidrel\u00e9tricas, PCHs e obras industriais entre outros, envolvendo:<\/span><\/h2>\n[\/spb_text_block] [\/spb_row] [spb_row element_name=&#8221;Row&#8221; wrap_type=&#8221;standard-width&#8221; row_bg_type=&#8221;image&#8221; color_row_height=&#8221;content-height&#8221; bg_image=&#8221;24&#8243; bg_type=&#8221;cover&#8221; parallax_image_height=&#8221;content-height&#8221; parallax_image_movement=&#8221;fixed&#8221; parallax_image_speed=&#8221;standard&#8221; bg_video_loop=&#8221;yes&#8221; parallax_video_height=&#8221;window-height&#8221; row_top_style=&#8221;none&#8221; row_bottom_style=&#8221;none&#8221; parallax_video_overlay=&#8221;none&#8221; row_overlay_opacity=&#8221;0&#8243; remove_element_spacing=&#8221;no&#8221; row_col_spacing=&#8221;0&#8243; row_col_pos=&#8221;default&#8221; row_col_equal_heights=&#8221;no&#8221; row_expanding=&#8221;no&#8221; row_animation=&#8221;none&#8221; row_animation_delay=&#8221;0&#8243; minimize_row=&#8221;no&#8221; simplified_controls=&#8221;yes&#8221; custom_css_percentage=&#8221;no&#8221; custom_css=&#8221;margin-top: 0px;margin-bottom: 0px;&#8221; border_styling_global=&#8221;default&#8221; width=&#8221;1\/1&#8243; el_position=&#8221;first last&#8221;] [spb_blank_spacer height=&#8221;30px&#8221; width=&#8221;1\/1&#8243; el_position=&#8221;first last&#8221;] [spb_column col_sm=&#8221;6&#8243; padding_horizontal=&#8221;0&#8243; width=&#8221;1\/2&#8243; el_position=&#8221;first&#8221;] [spb_text_block animation=&#8221;none&#8221; animation_delay=&#8221;0&#8243; simplified_controls=&#8221;yes&#8221; custom_css_percentage=&#8221;no&#8221; padding_vertical=&#8221;0&#8243; padding_horizontal=&#8221;13&#8243; margin_vertical=&#8221;0&#8243; custom_css=&#8221;margin-top: 0px;margin-bottom: 0px;padding-left: 13px;padding-right: 13px;&#8221; border_size=&#8221;0&#8243; border_styling_global=&#8221;default&#8221; width=&#8221;1\/1&#8243; el_position=&#8221;first last&#8221;]\n<h2><span style=\"color: #ffffff;\"><strong><img loading=\"lazy\" decoding=\"async\" class=\"alignnone size-full wp-image-362\" src=\"http:\/\/engsmart.com.br\/portal\/wp-content\/uploads\/2025\/06\/marcador-blue-3_zpsw2oicu39.avif\" alt=\"\" width=\"18\" height=\"18\" \/><\/strong>\u00a0 Or\u00e7amentos e Custos<\/span><\/h2>\n<h2><span style=\"color: #ffffff;\"><strong><img loading=\"lazy\" decoding=\"async\" class=\"alignnone size-full wp-image-362\" src=\"http:\/\/engsmart.com.br\/portal\/wp-content\/uploads\/2025\/06\/marcador-blue-3_zpsw2oicu39.avif\" alt=\"\" width=\"18\" height=\"18\" \/><\/strong>\u00a0 Estudos de viabilidade<\/span><\/h2>\n<h2><span style=\"color: #ffffff;\"><strong><img loading=\"lazy\" decoding=\"async\" class=\"alignnone size-full wp-image-362\" src=\"http:\/\/engsmart.com.br\/portal\/wp-content\/uploads\/2025\/06\/marcador-blue-3_zpsw2oicu39.avif\" alt=\"\" width=\"18\" height=\"18\" \/><\/strong>\u00a0 Solu\u00e7\u00f5es de engenharia<\/span><\/h2>\n<h2><span style=\"color: #ffffff;\"><strong><img loading=\"lazy\" decoding=\"async\" class=\"alignnone size-full wp-image-362\" src=\"http:\/\/engsmart.com.br\/portal\/wp-content\/uploads\/2025\/06\/marcador-blue-3_zpsw2oicu39.avif\" alt=\"\" width=\"18\" height=\"18\" \/><\/strong>\u00a0Consultorias e treinamentos<\/span><\/h2>\n<h2><span style=\"color: #ffffff;\"><strong><img loading=\"lazy\" decoding=\"async\" class=\"alignnone size-full wp-image-362\" src=\"http:\/\/engsmart.com.br\/portal\/wp-content\/uploads\/2025\/06\/marcador-blue-3_zpsw2oicu39.avif\" alt=\"\" width=\"18\" height=\"18\" \/><\/strong>\u00a0Apoio a projetos em execu\u00e7\u00e3o<\/span><\/h2>\n<h2><span style=\"color: #ffffff;\"><strong><img loading=\"lazy\" decoding=\"async\" class=\"alignnone size-full wp-image-362\" src=\"http:\/\/engsmart.com.br\/portal\/wp-content\/uploads\/2025\/06\/marcador-blue-3_zpsw2oicu39.avif\" alt=\"\" width=\"18\" height=\"18\" \/><\/strong>\u00a0Propostas comerciais<\/span><\/h2>\n<h2><span style=\"color: #ffffff;\"><strong><img loading=\"lazy\" decoding=\"async\" class=\"alignnone size-full wp-image-362\" src=\"http:\/\/engsmart.com.br\/portal\/wp-content\/uploads\/2025\/06\/marcador-blue-3_zpsw2oicu39.avif\" alt=\"\" width=\"18\" height=\"18\" \/><\/strong>\u00a0 Gest\u00e3o de empreendimentos com TI (ERP)<\/span><\/h2>\n[\/spb_text_block] [\/spb_column] [spb_column col_sm=&#8221;6&#8243; padding_horizontal=&#8221;0&#8243; width=&#8221;1\/2&#8243; el_position=&#8221;last&#8221;] [spb_gallery gallery_id=&#8221;86&#8243; display_type=&#8221;slider&#8221; columns=&#8221;5&#8243; fullwidth=&#8221;no&#8221; gutters=&#8221;yes&#8221; image_size=&#8221;full&#8221; slider_transition=&#8221;slide&#8221; show_thumbs=&#8221;yes&#8221; autoplay=&#8221;yes&#8221; show_captions=&#8221;yes&#8221; enable_lightbox=&#8221;yes&#8221; width=&#8221;1\/1&#8243; el_position=&#8221;first last&#8221;] [\/spb_column] [spb_text_block animation=&#8221;none&#8221; animation_delay=&#8221;0&#8243; simplified_controls=&#8221;yes&#8221; custom_css_percentage=&#8221;no&#8221; padding_vertical=&#8221;0&#8243; padding_horizontal=&#8221;25&#8243; margin_vertical=&#8221;0&#8243; custom_css=&#8221;margin-top: 0px;margin-bottom: 0px;padding-left: 25px;padding-right: 25px;&#8221; border_size=&#8221;0&#8243; border_styling_global=&#8221;default&#8221; width=&#8221;1\/1&#8243; el_position=&#8221;first last&#8221;]\n<h2 style=\"text-align: justify;\"><span style=\"color: #ffffff;\">Nascida a partir da associa\u00e7\u00e3o de profissionais de engenharia oriundos de empresas de grande porte da \u00e1rea de constru\u00e7\u00e3o pesada, tem seu corpo t\u00e9cnico composto, majoritariamente, por profissionais com larga experi\u00eancia e viv\u00eancia de mais de 30 anos em projetos realizados no Brasil e no exterior.<\/span><\/h2>\n<h2 style=\"text-align: justify;\"><span style=\"color: #ffffff;\">O grupo encontra-se apto a atender quaisquer demandas em etapas distintas de projetos de engenharia civil, desde a elabora\u00e7\u00e3o dos estudos preliminares at\u00e9 a entrega final do empreendimento, independentemente de sua complexidade.<\/span><\/h2>\n<h2 style=\"text-align: justify;\"><span style=\"color: #ffffff;\">A EngSmart Engenheiros e Consultores Associados conta com o apoio de profissionais t\u00e9cnicos e de consultorias espec\u00edficas para complementar sua equipe, de acordo com a demanda, a necessidade do cliente e o grau de complexidade do empreendimento.<\/span><\/h2>\n<h2 style=\"text-align: justify;\"><span style=\"color: #ffffff;\">Qualquer trabalho poder\u00e1 ser desenvolvido envolvendo pa\u00edses e documentos nos idiomas portugu\u00eas, ingl\u00eas e espanhol.<\/span><\/h2>\n<h2 style=\"text-align: justify;\"><\/h2>\n[\/spb_text_block] [\/spb_row] [spb_row element_name=&#8221;Row&#8221; wrap_type=&#8221;full-width-contained&#8221; row_bg_type=&#8221;color&#8221; color_row_height=&#8221;content-height&#8221; bg_type=&#8221;cover&#8221; parallax_image_height=&#8221;content-height&#8221; parallax_image_movement=&#8221;fixed&#8221; parallax_image_speed=&#8221;standard&#8221; bg_video_loop=&#8221;yes&#8221; parallax_video_height=&#8221;window-height&#8221; row_top_style=&#8221;none&#8221; row_bottom_style=&#8221;none&#8221; parallax_video_overlay=&#8221;none&#8221; row_overlay_opacity=&#8221;0&#8243; remove_element_spacing=&#8221;no&#8221; row_col_spacing=&#8221;0&#8243; row_col_pos=&#8221;default&#8221; row_col_equal_heights=&#8221;no&#8221; row_expanding=&#8221;no&#8221; row_animation=&#8221;none&#8221; row_animation_delay=&#8221;0&#8243; minimize_row=&#8221;no&#8221; simplified_controls=&#8221;yes&#8221; custom_css_percentage=&#8221;no&#8221; custom_css=&#8221;margin-top: 0px;margin-bottom: 0px;&#8221; border_styling_global=&#8221;default&#8221; width=&#8221;1\/1&#8243; el_position=&#8221;first last&#8221;] [spb_text_block animation=&#8221;none&#8221; animation_delay=&#8221;0&#8243; simplified_controls=&#8221;yes&#8221; custom_css_percentage=&#8221;no&#8221; padding_vertical=&#8221;0&#8243; padding_horizontal=&#8221;0&#8243; margin_vertical=&#8221;0&#8243; custom_css=&#8221;margin-top: 0px;margin-bottom: 0px;&#8221; border_size=&#8221;0&#8243; border_styling_global=&#8221;default&#8221; width=&#8221;1\/1&#8243; el_position=&#8221;first last&#8221;]\n<h2 style=\"text-align: center;\"><span style=\"color: #ffffff;\">Localiza\u00e7\u00e3o<\/span><\/h2>\n[\/spb_text_block] [spb_column col_sm=&#8221;12&#8243; padding_horizontal=&#8221;0&#8243; width=&#8221;1\/1&#8243; el_position=&#8221;first last&#8221;] [spb_text_block animation=&#8221;none&#8221; animation_delay=&#8221;0&#8243; simplified_controls=&#8221;yes&#8221; custom_css_percentage=&#8221;no&#8221; padding_vertical=&#8221;0&#8243; padding_horizontal=&#8221;0&#8243; margin_vertical=&#8221;0&#8243; custom_css=&#8221;margin-top: 0px;margin-bottom: 0px;&#8221; border_size=&#8221;0&#8243; border_styling_global=&#8221;default&#8221; bk_image_global=&#8221;24&#8243; width=&#8221;1\/1&#8243; el_position=&#8221;first last&#8221;]\n<h2 style=\"text-align: center;\"><span style=\"color: #ffffff;\">Rio de Janeiro<\/span><\/h2>\n<p style=\"text-align: center;\"><span style=\"color: #ffffff;\">Rua do Passeio, 38, Loja D, Setor 4, Centro &#8211; Rio de Janeiro &#8211; RJ<\/span><br \/>\n<span style=\"color: #ffffff;\">Telefone :+55 21) 3216 1000<\/span><\/p>\n[\/spb_text_block] [spb_text_block animation=&#8221;none&#8221; animation_delay=&#8221;0&#8243; simplified_controls=&#8221;yes&#8221; custom_css_percentage=&#8221;no&#8221; padding_vertical=&#8221;0&#8243; padding_horizontal=&#8221;0&#8243; margin_vertical=&#8221;0&#8243; custom_css=&#8221;margin-top: 0px;margin-bottom: 0px;&#8221; border_size=&#8221;0&#8243; border_styling_global=&#8221;default&#8221; width=&#8221;1\/1&#8243; el_position=&#8221;first last&#8221;]\n<p style=\"text-align: center;\"><iframe loading=\"lazy\" style=\"border: 0;\" src=\"https:\/\/www.google.com\/maps\/embed?pb=!1m18!1m12!1m3!1d4397.598184152609!2d-43.179025523751406!3d-22.9121385380641!2m3!1f0!2f0!3f0!3m2!1i1024!2i768!4f13.1!3m3!1m2!1s0x997f3019ec0d51%3A0x7c032cee6d8ff3ef!2sSpaces%20-%20RIO%20DE%20JANEIRO%2C%20Centro!5e1!3m2!1spt-BR!2sbr!4v1751078749590!5m2!1spt-BR!2sbr\" width=\"1124\" height=\"450\" allowfullscreen=\"allowfullscreen\"><span data-mce-type=\"bookmark\" style=\"display: inline-block; width: 0px; overflow: hidden; line-height: 0;\" class=\"mce_SELRES_start\"><\/span><\/iframe><\/p>\n[\/spb_text_block] [\/spb_column] [spb_column col_sm=&#8221;12&#8243; padding_horizontal=&#8221;0&#8243; width=&#8221;1\/1&#8243; el_position=&#8221;first last&#8221;] [\/spb_column] [\/spb_row] [spb_swift_slider fullscreen=&#8221;false&#8221; maxheight=&#8221;100&#8243; slidecount=&#8221;5&#8243; category=&#8221;paginas&#8221; random=&#8221;no&#8221; transition=&#8221;slide&#8221; loop=&#8221;true&#8221; nav=&#8221;true&#8221; pagination=&#8221;true&#8221; continue=&#8221;true&#8221; fullwidth=&#8221;yes&#8221; width=&#8221;1\/1&#8243; el_position=&#8221;first last&#8221;]<\/p>\n","protected":false},"excerpt":{"rendered":"<p>[spb_row element_name=&#8221;Row&#8221; wrap_type=&#8221;standard-width&#8221; row_bg_type=&#8221;image&#8221; color_row_height=&#8221;content-height&#8221; bg_image=&#8221;24&#8243; bg_type=&#8221;cover&#8221; parallax_image_height=&#8221;content-height&#8221; parallax_image_movement=&#8221;fixed&#8221; parallax_image_speed=&#8221;standard&#8221; bg_video_loop=&#8221;yes&#8221; parallax_video_height=&#8221;window-height&#8221; row_top_style=&#8221;none&#8221; row_bottom_style=&#8221;none&#8221; parallax_video_overlay=&#8221;none&#8221; row_overlay_opacity=&#8221;0&#8243; remove_element_spacing=&#8221;no&#8221; row_col_spacing=&#8221;0&#8243; row_col_pos=&#8221;default&#8221; row_col_equal_heights=&#8221;no&#8221; row_expanding=&#8221;no&#8221; row_animation=&#8221;none&#8221; row_animation_delay=&#8221;0&#8243; minimize_row=&#8221;no&#8221; simplified_controls=&#8221;yes&#8221; custom_css_percentage=&#8221;no&#8221; custom_css=&#8221;margin-top: 0px;margin-bottom: 0px;&#8221; border_styling_global=&#8221;default&#8221; width=&#8221;1\/1&#8243; el_position=&#8221;first last&#8221;] [spb_text_block animation=&#8221;none&#8221; animation_delay=&#8221;0&#8243; simplified_controls=&#8221;yes&#8221; custom_css_percentage=&#8221;no&#8221; padding_vertical=&#8221;0&#8243; padding_horizontal=&#8221;13&#8243; margin_vertical=&#8221;0&#8243; custom_css=&#8221;margin-top: 0px;margin-bottom: 0px;padding-left: 13px;padding-right: 13px;&#8221; border_size=&#8221;0&#8243; border_styling_global=&#8221;default&#8221; width=&#8221;1\/1&#8243; el_position=&#8221;first last&#8221;] A EngSmart Engenheiros e Consultores Associados tem como objetivo [&hellip;]<\/p>\n","protected":false},"author":1,"featured_media":0,"parent":0,"menu_order":0,"comment_status":"closed","ping_status":"closed","template":"","meta":{"footnotes":""},"class_list":["post-110","page","type-page","status-publish","hentry"],"_links":{"self":[{"href":"https:\/\/engsmart.com.br\/portal\/wp-json\/wp\/v2\/pages\/110","targetHints":{"allow":["GET"]}}],"collection":[{"href":"https:\/\/engsmart.com.br\/portal\/wp-json\/wp\/v2\/pages"}],"about":[{"href":"https:\/\/engsmart.com.br\/portal\/wp-json\/wp\/v2\/types\/page"}],"author":[{"embeddable":true,"href":"https:\/\/engsmart.com.br\/portal\/wp-json\/wp\/v2\/users\/1"}],"replies":[{"embeddable":true,"href":"https:\/\/engsmart.com.br\/portal\/wp-json\/wp\/v2\/comments?post=110"}],"version-history":[{"count":54,"href":"https:\/\/engsmart.com.br\/portal\/wp-json\/wp\/v2\/pages\/110\/revisions"}],"predecessor-version":[{"id":410,"href":"https:\/\/engsmart.com.br\/portal\/wp-json\/wp\/v2\/pages\/110\/revisions\/410"}],"wp:attachment":[{"href":"https:\/\/engsmart.com.br\/portal\/wp-json\/wp\/v2\/media?parent=110"}],"curies":[{"name":"wp","href":"https:\/\/api.w.org\/{rel}","templated":true}]}}