{"id":9,"date":"2021-04-28T14:43:45","date_gmt":"2021-04-28T17:43:45","guid":{"rendered":"http:\/\/engsmart.com.br\/portal\/?page_id=9"},"modified":"2025-07-28T22:38:46","modified_gmt":"2025-07-29T01:38:46","slug":"home","status":"publish","type":"page","link":"https:\/\/engsmart.com.br\/portal\/","title":{"rendered":"Home"},"content":{"rendered":"[spb_text_block animation=&#8221;none&#8221; animation_delay=&#8221;0&#8243; simplified_controls=&#8221;yes&#8221; custom_css_percentage=&#8221;no&#8221; padding_vertical=&#8221;0&#8243; padding_horizontal=&#8221;0&#8243; margin_vertical=&#8221;0&#8243; custom_css=&#8221;margin-top: 0px;margin-bottom: 0px;&#8221; border_size=&#8221;0&#8243; border_styling_global=&#8221;default&#8221; bk_image_global=&#8221;42&#8243; width=&#8221;1\/1&#8243; el_position=&#8221;first last&#8221;]\n<h2 style=\"text-align: center;\"><span style=\"color: #ffffff;\">Compet\u00eancia, Exclusividade, Seguran\u00e7a, Confiabilidade e Pontualidade<\/span><\/h2>\n<h2 style=\"text-align: center;\"><span style=\"color: #ffffff;\">EngSmart\u00a0\u2013 Solu\u00e7\u00e3o do tamanho de sua necessidade<\/span><\/h2>\n[\/spb_text_block] [spb_row element_name=&#8221;Row&#8221; wrap_type=&#8221;standard-width&#8221; row_bg_type=&#8221;image&#8221; color_row_height=&#8221;content-height&#8221; bg_image=&#8221;24&#8243; bg_type=&#8221;pattern&#8221; parallax_image_height=&#8221;content-height&#8221; parallax_image_movement=&#8221;fixed&#8221; parallax_image_speed=&#8221;standard&#8221; bg_video_loop=&#8221;yes&#8221; parallax_video_height=&#8221;window-height&#8221; row_top_style=&#8221;none&#8221; row_bottom_style=&#8221;none&#8221; parallax_video_overlay=&#8221;none&#8221; row_overlay_opacity=&#8221;0&#8243; remove_element_spacing=&#8221;no&#8221; row_col_spacing=&#8221;0&#8243; row_col_pos=&#8221;default&#8221; row_col_equal_heights=&#8221;no&#8221; row_expanding=&#8221;no&#8221; row_animation=&#8221;none&#8221; row_animation_delay=&#8221;0&#8243; minimize_row=&#8221;no&#8221; simplified_controls=&#8221;yes&#8221; custom_css_percentage=&#8221;no&#8221; custom_css=&#8221;margin-top: 0px;margin-bottom: 0px;&#8221; border_styling_global=&#8221;default&#8221; width=&#8221;1\/1&#8243; el_position=&#8221;first last&#8221;] [spb_column col_sm=&#8221;12&#8243; padding_horizontal=&#8221;0&#8243; width=&#8221;1\/1&#8243; el_position=&#8221;first last&#8221;] [spb_text_block animation=&#8221;none&#8221; animation_delay=&#8221;0&#8243; simplified_controls=&#8221;yes&#8221; custom_css_percentage=&#8221;no&#8221; padding_vertical=&#8221;0&#8243; padding_horizontal=&#8221;13&#8243; margin_vertical=&#8221;0&#8243; custom_css=&#8221;margin-top: 0px;margin-bottom: 0px;padding-left: 13px;padding-right: 13px;&#8221; border_size=&#8221;0&#8243; border_styling_global=&#8221;default&#8221; width=&#8221;1\/1&#8243; el_position=&#8221;first last&#8221;]\n<h2><span style=\"color: #ffffff;\"><img loading=\"lazy\" decoding=\"async\" class=\"alignnone size-full wp-image-362\" src=\"http:\/\/engsmart.com.br\/portal\/wp-content\/uploads\/2025\/06\/marcador-blue-3_zpsw2oicu39.avif\" alt=\"Marcador\" width=\"19\" height=\"19\" \/>\u00a0 Or\u00e7amentos e Custos<\/span><\/h2>\n<h2><span style=\"color: #ffffff;\"><img loading=\"lazy\" decoding=\"async\" class=\"alignnone size-full wp-image-362\" src=\"http:\/\/engsmart.com.br\/portal\/wp-content\/uploads\/2025\/06\/marcador-blue-3_zpsw2oicu39.avif\" alt=\"Marcador\" width=\"19\" height=\"19\" \/>\u00a0 Estudos de viabilidade<\/span><\/h2>\n<h2><span style=\"color: #ffffff;\"><img loading=\"lazy\" decoding=\"async\" class=\"alignnone size-full wp-image-362\" src=\"http:\/\/engsmart.com.br\/portal\/wp-content\/uploads\/2025\/06\/marcador-blue-3_zpsw2oicu39.avif\" alt=\"Marcador\" width=\"19\" height=\"19\" \/>\u00a0 Solu\u00e7\u00f5es de engenharia<\/span><\/h2>\n<h2><span style=\"color: #ffffff;\"><img loading=\"lazy\" decoding=\"async\" class=\"alignnone size-full wp-image-362\" src=\"http:\/\/engsmart.com.br\/portal\/wp-content\/uploads\/2025\/06\/marcador-blue-3_zpsw2oicu39.avif\" alt=\"Marcador\" width=\"19\" height=\"19\" \/>\u00a0Consultorias e treinamentos<\/span><\/h2>\n<h2><span style=\"color: #ffffff;\"><img loading=\"lazy\" decoding=\"async\" class=\"alignnone size-full wp-image-362\" src=\"http:\/\/engsmart.com.br\/portal\/wp-content\/uploads\/2025\/06\/marcador-blue-3_zpsw2oicu39.avif\" alt=\"Marcador\" width=\"19\" height=\"19\" \/>\u00a0Apoio a projetos em execu\u00e7\u00e3o<\/span><\/h2>\n<h2><span style=\"color: #ffffff;\"><img loading=\"lazy\" decoding=\"async\" class=\"alignnone size-full wp-image-362\" src=\"http:\/\/engsmart.com.br\/portal\/wp-content\/uploads\/2025\/06\/marcador-blue-3_zpsw2oicu39.avif\" alt=\"Marcador\" width=\"19\" height=\"19\" \/>\u00a0Propostas comerciais<\/span><\/h2>\n<h3><span style=\"color: #ffffff;\"><img loading=\"lazy\" decoding=\"async\" class=\"alignnone size-full wp-image-362\" src=\"http:\/\/engsmart.com.br\/portal\/wp-content\/uploads\/2025\/06\/marcador-blue-3_zpsw2oicu39.avif\" alt=\"Marcador\" width=\"19\" height=\"19\" \/> GEP.WEB &#8211; ERP de Gest\u00e3o de Empreendimentos<\/span><\/h3>\n[\/spb_text_block] [\/spb_column] [\/spb_row] [spb_row element_name=&#8221;Row&#8221; wrap_type=&#8221;standard-width&#8221; row_bg_type=&#8221;image&#8221; color_row_height=&#8221;content-height&#8221; bg_image=&#8221;24&#8243; bg_type=&#8221;pattern&#8221; parallax_image_height=&#8221;content-height&#8221; parallax_image_movement=&#8221;fixed&#8221; parallax_image_speed=&#8221;standard&#8221; bg_video_loop=&#8221;yes&#8221; parallax_video_height=&#8221;window-height&#8221; row_top_style=&#8221;none&#8221; row_bottom_style=&#8221;none&#8221; parallax_video_overlay=&#8221;none&#8221; row_overlay_opacity=&#8221;0&#8243; remove_element_spacing=&#8221;no&#8221; row_col_spacing=&#8221;0&#8243; row_col_pos=&#8221;default&#8221; row_col_equal_heights=&#8221;no&#8221; row_expanding=&#8221;no&#8221; row_animation=&#8221;none&#8221; row_animation_delay=&#8221;0&#8243; minimize_row=&#8221;no&#8221; simplified_controls=&#8221;yes&#8221; custom_css_percentage=&#8221;no&#8221; custom_css=&#8221;margin-top: 0px;margin-bottom: 0px;&#8221; border_styling_global=&#8221;default&#8221; width=&#8221;1\/1&#8243; el_position=&#8221;first last&#8221;] [spb_column col_sm=&#8221;12&#8243; padding_horizontal=&#8221;0&#8243; width=&#8221;1\/1&#8243; el_position=&#8221;first last&#8221;] [spb_gallery gallery_id=&#8221;86&#8243; display_type=&#8221;slider&#8221; columns=&#8221;5&#8243; fullwidth=&#8221;no&#8221; gutters=&#8221;yes&#8221; image_size=&#8221;full&#8221; slider_transition=&#8221;slide&#8221; show_thumbs=&#8221;yes&#8221; autoplay=&#8221;yes&#8221; show_captions=&#8221;yes&#8221; enable_lightbox=&#8221;yes&#8221; width=&#8221;1\/1&#8243; el_position=&#8221;first last&#8221;] [\/spb_column] [\/spb_row] [spb_blank_spacer height=&#8221;30px&#8221; width=&#8221;1\/1&#8243; el_position=&#8221;first last&#8221;] [spb_row element_name=&#8221;Row&#8221; wrap_type=&#8221;standard-width&#8221; row_bg_type=&#8221;image&#8221; color_row_height=&#8221;content-height&#8221; bg_image=&#8221;24&#8243; bg_type=&#8221;cover&#8221; parallax_image_height=&#8221;content-height&#8221; parallax_image_movement=&#8221;fixed&#8221; parallax_image_speed=&#8221;standard&#8221; bg_video_loop=&#8221;yes&#8221; parallax_video_height=&#8221;window-height&#8221; row_top_style=&#8221;none&#8221; row_bottom_style=&#8221;none&#8221; parallax_video_overlay=&#8221;none&#8221; row_overlay_opacity=&#8221;0&#8243; remove_element_spacing=&#8221;no&#8221; row_col_spacing=&#8221;0&#8243; row_col_pos=&#8221;default&#8221; row_col_equal_heights=&#8221;no&#8221; row_expanding=&#8221;no&#8221; row_animation=&#8221;none&#8221; row_animation_delay=&#8221;0&#8243; minimize_row=&#8221;no&#8221; simplified_controls=&#8221;yes&#8221; custom_css_percentage=&#8221;no&#8221; custom_css=&#8221;margin-top: 0px;margin-bottom: 0px;&#8221; border_styling_global=&#8221;default&#8221; width=&#8221;1\/1&#8243; el_position=&#8221;first last&#8221;] [spb_text_block animation=&#8221;none&#8221; animation_delay=&#8221;0&#8243; simplified_controls=&#8221;yes&#8221; custom_css_percentage=&#8221;no&#8221; padding_vertical=&#8221;0&#8243; padding_horizontal=&#8221;0&#8243; margin_vertical=&#8221;0&#8243; custom_css=&#8221;margin-top: 0px;margin-bottom: 0px;&#8221; border_size=&#8221;0&#8243; border_styling_global=&#8221;default&#8221; width=&#8221;1\/3&#8243; el_position=&#8221;first&#8221;]\n<h2><strong><span style=\"color: #ffffff;\"><img loading=\"lazy\" decoding=\"async\" class=\"alignnone size-full wp-image-362\" src=\"http:\/\/engsmart.com.br\/portal\/wp-content\/uploads\/2025\/06\/marcador-blue-3_zpsw2oicu39.avif\" alt=\"Marcador\" width=\"19\" height=\"19\" \/> PROPOSTA COMERCIAL<\/span><\/strong><\/h2>\n[\/spb_text_block] [spb_text_block animation=&#8221;none&#8221; animation_delay=&#8221;0&#8243; simplified_controls=&#8221;yes&#8221; custom_css_percentage=&#8221;no&#8221; padding_vertical=&#8221;0&#8243; padding_horizontal=&#8221;0&#8243; margin_vertical=&#8221;0&#8243; custom_css=&#8221;margin-top: 0px;margin-bottom: 0px;&#8221; border_size=&#8221;0&#8243; border_styling_global=&#8221;default&#8221; width=&#8221;1\/3&#8243;]\n<h2><strong><span style=\"color: #ffffff;\"><img loading=\"lazy\" decoding=\"async\" class=\"alignnone size-full wp-image-362\" src=\"http:\/\/engsmart.com.br\/portal\/wp-content\/uploads\/2025\/06\/marcador-blue-3_zpsw2oicu39.avif\" alt=\"Marcador\" width=\"19\" height=\"19\" \/>CUSTO DIRETO E INDIRETO<\/span><\/strong><\/h2>\n[\/spb_text_block] [spb_text_block animation=&#8221;none&#8221; animation_delay=&#8221;0&#8243; simplified_controls=&#8221;yes&#8221; custom_css_percentage=&#8221;no&#8221; padding_vertical=&#8221;0&#8243; padding_horizontal=&#8221;0&#8243; margin_vertical=&#8221;0&#8243; custom_css=&#8221;margin-top: 0px;margin-bottom: 0px;&#8221; border_size=&#8221;0&#8243; border_styling_global=&#8221;default&#8221; width=&#8221;1\/3&#8243; el_position=&#8221;last&#8221;]\n<h2><strong><span style=\"color: #ffffff;\"><img loading=\"lazy\" decoding=\"async\" class=\"alignnone size-full wp-image-362\" src=\"http:\/\/engsmart.com.br\/portal\/wp-content\/uploads\/2025\/06\/marcador-blue-3_zpsw2oicu39.avif\" alt=\"Marcador\" width=\"19\" height=\"19\" \/>LICITA\u00c7\u00d5ES E ESTUDOS<\/span><\/strong><\/h2>\n[\/spb_text_block] [spb_text_block animation=&#8221;none&#8221; animation_delay=&#8221;0&#8243; simplified_controls=&#8221;yes&#8221; custom_css_percentage=&#8221;no&#8221; padding_vertical=&#8221;0&#8243; padding_horizontal=&#8221;0&#8243; margin_vertical=&#8221;0&#8243; custom_css=&#8221;margin-top: 0px;margin-bottom: 0px;&#8221; border_size=&#8221;0&#8243; border_styling_global=&#8221;default&#8221; width=&#8221;1\/3&#8243; el_position=&#8221;first&#8221;]\n<h2><strong><span style=\"color: #ffffff;\"><img loading=\"lazy\" decoding=\"async\" class=\"alignnone size-full wp-image-362\" src=\"http:\/\/engsmart.com.br\/portal\/wp-content\/uploads\/2025\/06\/marcador-blue-3_zpsw2oicu39.avif\" alt=\"Marcador\" width=\"19\" height=\"19\" \/>APOIO A GEST\u00c3O DE CONTRATOS<\/span><\/strong><\/h2>\n[\/spb_text_block] [spb_text_block animation=&#8221;none&#8221; animation_delay=&#8221;0&#8243; simplified_controls=&#8221;yes&#8221; custom_css_percentage=&#8221;no&#8221; padding_vertical=&#8221;0&#8243; padding_horizontal=&#8221;0&#8243; margin_vertical=&#8221;0&#8243; custom_css=&#8221;margin-top: 0px;margin-bottom: 0px;&#8221; border_size=&#8221;0&#8243; border_styling_global=&#8221;default&#8221; width=&#8221;1\/3&#8243;]\n<h2><span style=\"color: #ffffff;\"><strong><img loading=\"lazy\" decoding=\"async\" class=\"alignnone size-full wp-image-362\" src=\"http:\/\/engsmart.com.br\/portal\/wp-content\/uploads\/2025\/06\/marcador-blue-3_zpsw2oicu39.avif\" alt=\"Marcador\" width=\"19\" height=\"19\" \/>ERP-Gest\u00e3o Empreendimentos<\/strong><\/span><\/h2>\n[\/spb_text_block] [spb_text_block animation=&#8221;none&#8221; animation_delay=&#8221;0&#8243; simplified_controls=&#8221;yes&#8221; custom_css_percentage=&#8221;no&#8221; padding_vertical=&#8221;0&#8243; padding_horizontal=&#8221;0&#8243; margin_vertical=&#8221;0&#8243; custom_css=&#8221;margin-top: 0px;margin-bottom: 0px;&#8221; border_size=&#8221;0&#8243; border_styling_global=&#8221;default&#8221; width=&#8221;1\/3&#8243; el_position=&#8221;last&#8221;]\n<h2 style=\"text-align: center;\"><strong><span style=\"color: #ffffff;\"><img loading=\"lazy\" decoding=\"async\" class=\"alignnone size-full wp-image-362\" src=\"http:\/\/engsmart.com.br\/portal\/wp-content\/uploads\/2025\/06\/marcador-blue-3_zpsw2oicu39.avif\" alt=\"Marcador\" width=\"19\" height=\"19\" \/>APOIO SETORES DE OR\u00c7AMENTA\u00c7\u00c3O E LICITA\u00c7\u00c3O<\/span><\/strong><\/h2>\n[\/spb_text_block] [\/spb_row]\n","protected":false},"excerpt":{"rendered":"<p>[spb_text_block animation=&#8221;none&#8221; animation_delay=&#8221;0&#8243; simplified_controls=&#8221;yes&#8221; custom_css_percentage=&#8221;no&#8221; padding_vertical=&#8221;0&#8243; padding_horizontal=&#8221;0&#8243; margin_vertical=&#8221;0&#8243; custom_css=&#8221;margin-top: 0px;margin-bottom: 0px;&#8221; border_size=&#8221;0&#8243; border_styling_global=&#8221;default&#8221; bk_image_global=&#8221;42&#8243; width=&#8221;1\/1&#8243; el_position=&#8221;first last&#8221;] Compet\u00eancia, Exclusividade, Seguran\u00e7a, Confiabilidade e Pontualidade EngSmart\u00a0\u2013 Solu\u00e7\u00e3o do tamanho de sua necessidade [\/spb_text_block] [spb_row element_name=&#8221;Row&#8221; wrap_type=&#8221;standard-width&#8221; row_bg_type=&#8221;image&#8221; color_row_height=&#8221;content-height&#8221; bg_image=&#8221;24&#8243; bg_type=&#8221;pattern&#8221; parallax_image_height=&#8221;content-height&#8221; parallax_image_movement=&#8221;fixed&#8221; parallax_image_speed=&#8221;standard&#8221; bg_video_loop=&#8221;yes&#8221; parallax_video_height=&#8221;window-height&#8221; row_top_style=&#8221;none&#8221; row_bottom_style=&#8221;none&#8221; parallax_video_overlay=&#8221;none&#8221; row_overlay_opacity=&#8221;0&#8243; remove_element_spacing=&#8221;no&#8221; row_col_spacing=&#8221;0&#8243; row_col_pos=&#8221;default&#8221; row_col_equal_heights=&#8221;no&#8221; row_expanding=&#8221;no&#8221; row_animation=&#8221;none&#8221; row_animation_delay=&#8221;0&#8243; minimize_row=&#8221;no&#8221; simplified_controls=&#8221;yes&#8221; custom_css_percentage=&#8221;no&#8221; custom_css=&#8221;margin-top: 0px;margin-bottom: 0px;&#8221; [&hellip;]<\/p>\n","protected":false},"author":1,"featured_media":0,"parent":0,"menu_order":0,"comment_status":"closed","ping_status":"closed","template":"","meta":{"footnotes":""},"class_list":["post-9","page","type-page","status-publish","hentry"],"_links":{"self":[{"href":"https:\/\/engsmart.com.br\/portal\/wp-json\/wp\/v2\/pages\/9","targetHints":{"allow":["GET"]}}],"collection":[{"href":"https:\/\/engsmart.com.br\/portal\/wp-json\/wp\/v2\/pages"}],"about":[{"href":"https:\/\/engsmart.com.br\/portal\/wp-json\/wp\/v2\/types\/page"}],"author":[{"embeddable":true,"href":"https:\/\/engsmart.com.br\/portal\/wp-json\/wp\/v2\/users\/1"}],"replies":[{"embeddable":true,"href":"https:\/\/engsmart.com.br\/portal\/wp-json\/wp\/v2\/comments?post=9"}],"version-history":[{"count":85,"href":"https:\/\/engsmart.com.br\/portal\/wp-json\/wp\/v2\/pages\/9\/revisions"}],"predecessor-version":[{"id":438,"href":"https:\/\/engsmart.com.br\/portal\/wp-json\/wp\/v2\/pages\/9\/revisions\/438"}],"wp:attachment":[{"href":"https:\/\/engsmart.com.br\/portal\/wp-json\/wp\/v2\/media?parent=9"}],"curies":[{"name":"wp","href":"https:\/\/api.w.org\/{rel}","templated":true}]}}